{"id":13518,"date":"2026-03-09T11:18:03","date_gmt":"2026-03-09T11:18:03","guid":{"rendered":"https:\/\/uniqueexperiencess.shop\/?post_type=product&#038;p=13518"},"modified":"2026-03-09T11:40:27","modified_gmt":"2026-03-09T11:40:27","slug":"ultimate-portable-blender-usb-rechargeable-compact-for-smoothies-on-the-go-perfect-travel-back-to-school-gym-leak-proof-design-makes-shakes-baby-food-in-seconds-cup-juicer-rechargeable-min","status":"publish","type":"product","link":"https:\/\/uniqueexperiencess.shop\/es\/producto\/ultimate-portable-blender-usb-rechargeable-compact-for-smoothies-on-the-go-perfect-travel-back-to-school-gym-leak-proof-design-makes-shakes-baby-food-in-seconds-cup-juicer-rechargeable-min\/","title":{"rendered":"\u00a1Lo \u00faltimo en batidoras port\u00e1tiles! Recargable por USB y compacta para batidos sobre la marcha - \u00a1Perfecta para viajes, vuelta al cole y gimnasio! Dise\u00f1o a prueba de fugas, hace batidos y comida para beb\u00e9s en segundos vaso exprimidor recargable mini licuadora de verduras"},"content":{"rendered":"<div data-elementor-type=\"product-post\" data-elementor-id=\"13518\" class=\"elementor elementor-13518\" data-elementor-post-type=\"product\">\n\t\t\t\t<div class=\"elementor-element elementor-element-63882d3a e-flex e-con-boxed e-con e-parent\" data-id=\"63882d3a\" data-element_type=\"container\" data-e-type=\"container\" data-settings=\"{&quot;ekit_has_onepagescroll_dot&quot;:&quot;yes&quot;}\">\n\t\t\t\t\t<div class=\"e-con-inner\">\n\t\t\t\t<div class=\"elementor-element elementor-element-4f31529a elementor-widget elementor-widget-image\" data-id=\"4f31529a\" data-element_type=\"widget\" data-e-type=\"widget\" data-settings=\"{&quot;ekit_we_effect_on&quot;:&quot;none&quot;}\" data-widget_type=\"image.default\">\n\t\t\t\t<div class=\"elementor-widget-container\">\n\t\t\t\t\t\t\t\t\t\t\t\t\t\t\t<img loading=\"lazy\" decoding=\"async\" width=\"800\" height=\"1295\" src=\"https:\/\/uniqueexperiencess.shop\/wp-content\/uploads\/2026\/03\/1-1.webp\" class=\"attachment-full size-full wp-image-13533 wvs-archive-product-image\" alt=\"\" srcset=\"https:\/\/uniqueexperiencess.shop\/wp-content\/uploads\/2026\/03\/1-1.webp 800w, https:\/\/uniqueexperiencess.shop\/wp-content\/uploads\/2026\/03\/1-1-185x300.webp 185w, https:\/\/uniqueexperiencess.shop\/wp-content\/uploads\/2026\/03\/1-1-633x1024.webp 633w, https:\/\/uniqueexperiencess.shop\/wp-content\/uploads\/2026\/03\/1-1-768x1243.webp 768w, https:\/\/uniqueexperiencess.shop\/wp-content\/uploads\/2026\/03\/1-1-7x12.webp 7w, https:\/\/uniqueexperiencess.shop\/wp-content\/uploads\/2026\/03\/1-1-600x971.webp 600w, https:\/\/uniqueexperiencess.shop\/wp-content\/uploads\/2026\/03\/1-1-1x1.webp 1w, https:\/\/uniqueexperiencess.shop\/wp-content\/uploads\/2026\/03\/1-1-6x10.webp 6w\" sizes=\"auto, (max-width: 800px) 100vw, 800px\" \/>\t\t\t\t\t\t\t\t\t\t\t\t\t\t\t<\/div>\n\t\t\t\t<\/div>\n\t\t\t\t<div class=\"elementor-element elementor-element-4cc071f3 elementor-widget elementor-widget-image\" data-id=\"4cc071f3\" data-element_type=\"widget\" data-e-type=\"widget\" data-settings=\"{&quot;ekit_we_effect_on&quot;:&quot;none&quot;}\" data-widget_type=\"image.default\">\n\t\t\t\t<div class=\"elementor-widget-container\">\n\t\t\t\t\t\t\t\t\t\t\t\t\t\t\t<img loading=\"lazy\" decoding=\"async\" width=\"800\" height=\"1409\" src=\"https:\/\/uniqueexperiencess.shop\/wp-content\/uploads\/2026\/03\/2-2.webp\" class=\"attachment-full size-full wp-image-13534 wvs-archive-product-image\" alt=\"\" srcset=\"https:\/\/uniqueexperiencess.shop\/wp-content\/uploads\/2026\/03\/2-2.webp 800w, https:\/\/uniqueexperiencess.shop\/wp-content\/uploads\/2026\/03\/2-2-170x300.webp 170w, https:\/\/uniqueexperiencess.shop\/wp-content\/uploads\/2026\/03\/2-2-581x1024.webp 581w, https:\/\/uniqueexperiencess.shop\/wp-content\/uploads\/2026\/03\/2-2-768x1353.webp 768w, https:\/\/uniqueexperiencess.shop\/wp-content\/uploads\/2026\/03\/2-2-7x12.webp 7w, https:\/\/uniqueexperiencess.shop\/wp-content\/uploads\/2026\/03\/2-2-600x1057.webp 600w, https:\/\/uniqueexperiencess.shop\/wp-content\/uploads\/2026\/03\/2-2-1x1.webp 1w, https:\/\/uniqueexperiencess.shop\/wp-content\/uploads\/2026\/03\/2-2-6x10.webp 6w\" sizes=\"auto, (max-width: 800px) 100vw, 800px\" \/>\t\t\t\t\t\t\t\t\t\t\t\t\t\t\t<\/div>\n\t\t\t\t<\/div>\n\t\t\t\t<div class=\"elementor-element elementor-element-56efc666 elementor-widget elementor-widget-image\" data-id=\"56efc666\" data-element_type=\"widget\" data-e-type=\"widget\" data-settings=\"{&quot;ekit_we_effect_on&quot;:&quot;none&quot;}\" data-widget_type=\"image.default\">\n\t\t\t\t<div class=\"elementor-widget-container\">\n\t\t\t\t\t\t\t\t\t\t\t\t\t\t\t<img loading=\"lazy\" decoding=\"async\" width=\"800\" height=\"1301\" src=\"https:\/\/uniqueexperiencess.shop\/wp-content\/uploads\/2026\/03\/3-2.webp\" class=\"attachment-full size-full wp-image-13535 wvs-archive-product-image\" alt=\"\" srcset=\"https:\/\/uniqueexperiencess.shop\/wp-content\/uploads\/2026\/03\/3-2.webp 800w, https:\/\/uniqueexperiencess.shop\/wp-content\/uploads\/2026\/03\/3-2-184x300.webp 184w, https:\/\/uniqueexperiencess.shop\/wp-content\/uploads\/2026\/03\/3-2-630x1024.webp 630w, https:\/\/uniqueexperiencess.shop\/wp-content\/uploads\/2026\/03\/3-2-768x1249.webp 768w, https:\/\/uniqueexperiencess.shop\/wp-content\/uploads\/2026\/03\/3-2-7x12.webp 7w, https:\/\/uniqueexperiencess.shop\/wp-content\/uploads\/2026\/03\/3-2-600x976.webp 600w, https:\/\/uniqueexperiencess.shop\/wp-content\/uploads\/2026\/03\/3-2-1x1.webp 1w, https:\/\/uniqueexperiencess.shop\/wp-content\/uploads\/2026\/03\/3-2-6x10.webp 6w\" sizes=\"auto, (max-width: 800px) 100vw, 800px\" \/>\t\t\t\t\t\t\t\t\t\t\t\t\t\t\t<\/div>\n\t\t\t\t<\/div>\n\t\t\t\t<div class=\"elementor-element elementor-element-282bd51a elementor-widget elementor-widget-image\" data-id=\"282bd51a\" data-element_type=\"widget\" data-e-type=\"widget\" data-settings=\"{&quot;ekit_we_effect_on&quot;:&quot;none&quot;}\" data-widget_type=\"image.default\">\n\t\t\t\t<div class=\"elementor-widget-container\">\n\t\t\t\t\t\t\t\t\t\t\t\t\t\t\t<img loading=\"lazy\" decoding=\"async\" width=\"800\" height=\"1407\" src=\"https:\/\/uniqueexperiencess.shop\/wp-content\/uploads\/2026\/03\/4-2.webp\" class=\"attachment-full size-full wp-image-13536 wvs-archive-product-image\" alt=\"\" srcset=\"https:\/\/uniqueexperiencess.shop\/wp-content\/uploads\/2026\/03\/4-2.webp 800w, https:\/\/uniqueexperiencess.shop\/wp-content\/uploads\/2026\/03\/4-2-171x300.webp 171w, https:\/\/uniqueexperiencess.shop\/wp-content\/uploads\/2026\/03\/4-2-582x1024.webp 582w, https:\/\/uniqueexperiencess.shop\/wp-content\/uploads\/2026\/03\/4-2-768x1351.webp 768w, https:\/\/uniqueexperiencess.shop\/wp-content\/uploads\/2026\/03\/4-2-7x12.webp 7w, https:\/\/uniqueexperiencess.shop\/wp-content\/uploads\/2026\/03\/4-2-600x1055.webp 600w, https:\/\/uniqueexperiencess.shop\/wp-content\/uploads\/2026\/03\/4-2-1x1.webp 1w, https:\/\/uniqueexperiencess.shop\/wp-content\/uploads\/2026\/03\/4-2-6x10.webp 6w\" sizes=\"auto, (max-width: 800px) 100vw, 800px\" \/>\t\t\t\t\t\t\t\t\t\t\t\t\t\t\t<\/div>\n\t\t\t\t<\/div>\n\t\t\t\t<div class=\"elementor-element elementor-element-3d3f892f elementor-widget elementor-widget-image\" data-id=\"3d3f892f\" data-element_type=\"widget\" data-e-type=\"widget\" data-settings=\"{&quot;ekit_we_effect_on&quot;:&quot;none&quot;}\" data-widget_type=\"image.default\">\n\t\t\t\t<div class=\"elementor-widget-container\">\n\t\t\t\t\t\t\t\t\t\t\t\t\t\t\t<img loading=\"lazy\" decoding=\"async\" width=\"800\" height=\"1302\" src=\"https:\/\/uniqueexperiencess.shop\/wp-content\/uploads\/2026\/03\/5-2.webp\" class=\"attachment-full size-full wp-image-13537 wvs-archive-product-image\" alt=\"\" srcset=\"https:\/\/uniqueexperiencess.shop\/wp-content\/uploads\/2026\/03\/5-2.webp 800w, https:\/\/uniqueexperiencess.shop\/wp-content\/uploads\/2026\/03\/5-2-184x300.webp 184w, https:\/\/uniqueexperiencess.shop\/wp-content\/uploads\/2026\/03\/5-2-629x1024.webp 629w, https:\/\/uniqueexperiencess.shop\/wp-content\/uploads\/2026\/03\/5-2-768x1250.webp 768w, https:\/\/uniqueexperiencess.shop\/wp-content\/uploads\/2026\/03\/5-2-7x12.webp 7w, https:\/\/uniqueexperiencess.shop\/wp-content\/uploads\/2026\/03\/5-2-600x977.webp 600w, https:\/\/uniqueexperiencess.shop\/wp-content\/uploads\/2026\/03\/5-2-1x1.webp 1w, https:\/\/uniqueexperiencess.shop\/wp-content\/uploads\/2026\/03\/5-2-6x10.webp 6w\" sizes=\"auto, (max-width: 800px) 100vw, 800px\" \/>\t\t\t\t\t\t\t\t\t\t\t\t\t\t\t<\/div>\n\t\t\t\t<\/div>\n\t\t\t\t<div class=\"elementor-element elementor-element-518fa7ce elementor-widget elementor-widget-image\" data-id=\"518fa7ce\" data-element_type=\"widget\" data-e-type=\"widget\" data-settings=\"{&quot;ekit_we_effect_on&quot;:&quot;none&quot;}\" data-widget_type=\"image.default\">\n\t\t\t\t<div class=\"elementor-widget-container\">\n\t\t\t\t\t\t\t\t\t\t\t\t\t\t\t<img loading=\"lazy\" decoding=\"async\" width=\"800\" height=\"1302\" src=\"https:\/\/uniqueexperiencess.shop\/wp-content\/uploads\/2026\/03\/6-1.webp\" class=\"attachment-full size-full wp-image-13538 wvs-archive-product-image\" alt=\"\" srcset=\"https:\/\/uniqueexperiencess.shop\/wp-content\/uploads\/2026\/03\/6-1.webp 800w, https:\/\/uniqueexperiencess.shop\/wp-content\/uploads\/2026\/03\/6-1-184x300.webp 184w, https:\/\/uniqueexperiencess.shop\/wp-content\/uploads\/2026\/03\/6-1-629x1024.webp 629w, https:\/\/uniqueexperiencess.shop\/wp-content\/uploads\/2026\/03\/6-1-768x1250.webp 768w, https:\/\/uniqueexperiencess.shop\/wp-content\/uploads\/2026\/03\/6-1-7x12.webp 7w, https:\/\/uniqueexperiencess.shop\/wp-content\/uploads\/2026\/03\/6-1-600x977.webp 600w, https:\/\/uniqueexperiencess.shop\/wp-content\/uploads\/2026\/03\/6-1-1x1.webp 1w, https:\/\/uniqueexperiencess.shop\/wp-content\/uploads\/2026\/03\/6-1-6x10.webp 6w\" sizes=\"auto, (max-width: 800px) 100vw, 800px\" \/>\t\t\t\t\t\t\t\t\t\t\t\t\t\t\t<\/div>\n\t\t\t\t<\/div>\n\t\t\t\t<div class=\"elementor-element elementor-element-3c519c96 elementor-widget elementor-widget-image\" data-id=\"3c519c96\" data-element_type=\"widget\" data-e-type=\"widget\" data-settings=\"{&quot;ekit_we_effect_on&quot;:&quot;none&quot;}\" data-widget_type=\"image.default\">\n\t\t\t\t<div class=\"elementor-widget-container\">\n\t\t\t\t\t\t\t\t\t\t\t\t\t\t\t<img loading=\"lazy\" decoding=\"async\" width=\"800\" height=\"1002\" src=\"https:\/\/uniqueexperiencess.shop\/wp-content\/uploads\/2026\/03\/7-1.webp\" class=\"attachment-full size-full wp-image-13539 wvs-archive-product-image\" alt=\"\" srcset=\"https:\/\/uniqueexperiencess.shop\/wp-content\/uploads\/2026\/03\/7-1.webp 800w, https:\/\/uniqueexperiencess.shop\/wp-content\/uploads\/2026\/03\/7-1-240x300.webp 240w, https:\/\/uniqueexperiencess.shop\/wp-content\/uploads\/2026\/03\/7-1-768x962.webp 768w, https:\/\/uniqueexperiencess.shop\/wp-content\/uploads\/2026\/03\/7-1-10x12.webp 10w, https:\/\/uniqueexperiencess.shop\/wp-content\/uploads\/2026\/03\/7-1-600x752.webp 600w, https:\/\/uniqueexperiencess.shop\/wp-content\/uploads\/2026\/03\/7-1-1x1.webp 1w, https:\/\/uniqueexperiencess.shop\/wp-content\/uploads\/2026\/03\/7-1-8x10.webp 8w\" sizes=\"auto, (max-width: 800px) 100vw, 800px\" \/>\t\t\t\t\t\t\t\t\t\t\t\t\t\t\t<\/div>\n\t\t\t\t<\/div>\n\t\t\t\t<div class=\"elementor-element elementor-element-5d7ccfc5 elementor-widget elementor-widget-image\" data-id=\"5d7ccfc5\" data-element_type=\"widget\" data-e-type=\"widget\" data-settings=\"{&quot;ekit_we_effect_on&quot;:&quot;none&quot;}\" data-widget_type=\"image.default\">\n\t\t\t\t<div class=\"elementor-widget-container\">\n\t\t\t\t\t\t\t\t\t\t\t\t\t\t\t<img loading=\"lazy\" decoding=\"async\" width=\"800\" height=\"1303\" src=\"https:\/\/uniqueexperiencess.shop\/wp-content\/uploads\/2026\/03\/8-1.webp\" class=\"attachment-full size-full wp-image-13540 wvs-archive-product-image\" alt=\"\" srcset=\"https:\/\/uniqueexperiencess.shop\/wp-content\/uploads\/2026\/03\/8-1.webp 800w, https:\/\/uniqueexperiencess.shop\/wp-content\/uploads\/2026\/03\/8-1-184x300.webp 184w, https:\/\/uniqueexperiencess.shop\/wp-content\/uploads\/2026\/03\/8-1-629x1024.webp 629w, https:\/\/uniqueexperiencess.shop\/wp-content\/uploads\/2026\/03\/8-1-768x1251.webp 768w, https:\/\/uniqueexperiencess.shop\/wp-content\/uploads\/2026\/03\/8-1-7x12.webp 7w, https:\/\/uniqueexperiencess.shop\/wp-content\/uploads\/2026\/03\/8-1-600x977.webp 600w, https:\/\/uniqueexperiencess.shop\/wp-content\/uploads\/2026\/03\/8-1-1x1.webp 1w, https:\/\/uniqueexperiencess.shop\/wp-content\/uploads\/2026\/03\/8-1-6x10.webp 6w\" sizes=\"auto, (max-width: 800px) 100vw, 800px\" \/>\t\t\t\t\t\t\t\t\t\t\t\t\t\t\t<\/div>\n\t\t\t\t<\/div>\n\t\t\t\t<div class=\"elementor-element elementor-element-66c9f99b elementor-widget elementor-widget-image\" data-id=\"66c9f99b\" data-element_type=\"widget\" data-e-type=\"widget\" data-settings=\"{&quot;ekit_we_effect_on&quot;:&quot;none&quot;}\" data-widget_type=\"image.default\">\n\t\t\t\t<div class=\"elementor-widget-container\">\n\t\t\t\t\t\t\t\t\t\t\t\t\t\t\t<img loading=\"lazy\" decoding=\"async\" width=\"800\" height=\"1301\" src=\"https:\/\/uniqueexperiencess.shop\/wp-content\/uploads\/2026\/03\/9-1.webp\" class=\"attachment-full size-full wp-image-13541 wvs-archive-product-image\" alt=\"\" srcset=\"https:\/\/uniqueexperiencess.shop\/wp-content\/uploads\/2026\/03\/9-1.webp 800w, https:\/\/uniqueexperiencess.shop\/wp-content\/uploads\/2026\/03\/9-1-184x300.webp 184w, https:\/\/uniqueexperiencess.shop\/wp-content\/uploads\/2026\/03\/9-1-630x1024.webp 630w, https:\/\/uniqueexperiencess.shop\/wp-content\/uploads\/2026\/03\/9-1-768x1249.webp 768w, https:\/\/uniqueexperiencess.shop\/wp-content\/uploads\/2026\/03\/9-1-7x12.webp 7w, https:\/\/uniqueexperiencess.shop\/wp-content\/uploads\/2026\/03\/9-1-600x976.webp 600w, https:\/\/uniqueexperiencess.shop\/wp-content\/uploads\/2026\/03\/9-1-1x1.webp 1w, https:\/\/uniqueexperiencess.shop\/wp-content\/uploads\/2026\/03\/9-1-6x10.webp 6w\" sizes=\"auto, (max-width: 800px) 100vw, 800px\" \/>\t\t\t\t\t\t\t\t\t\t\t\t\t\t\t<\/div>\n\t\t\t\t<\/div>\n\t\t\t\t<div class=\"elementor-element elementor-element-693499a5 elementor-widget elementor-widget-text-editor\" data-id=\"693499a5\" data-element_type=\"widget\" data-e-type=\"widget\" data-settings=\"{&quot;ekit_we_effect_on&quot;:&quot;none&quot;}\" data-widget_type=\"text-editor.default\">\n\t\t\t\t<div class=\"elementor-widget-container\">\n\t\t\t\t\t\t\t\t\t<table class=\"specs-table\">\n    <tr>\n        <td>Detalles<\/td>\n        <td><\/td>\n    <\/tr>\n    <tr>\n        <td>Producto qu\u00edmico altamente preocupante<\/td>\n        <td><span class=\"none-badge\">Ninguno<\/span><\/td>\n    <\/tr>\n    <tr>\n        <td>Material de la carcasa<\/td>\n        <td><span class=\"material-badge\">pl\u00e1stico<\/span><\/td>\n    <\/tr>\n    <tr>\n        <td>Funci\u00f3n<\/td>\n        <td><span class=\"function-badge\">Automatic pulp extraction<\/span><\/td>\n    <\/tr>\n<\/table>\n\n<style>\n    .specs-table {\n        width: 100%;\n        border-collapse: collapse;\n        font-family: 'Segoe UI', Arial, sans-serif;\n        font-size: 14px;\n    }\n    .specs-table tr {\n        border-bottom: 1px solid #e0e0e0;\n    }\n    .specs-table td {\n        padding: 12px 0;\n        text-align: left;\n        vertical-align: top;\n    }\n    .specs-table td:first-child {\n        font-weight: 600;\n        width: 35%;\n        color: #2c3e50;\n    }\n    .specs-table td:last-child {\n        width: 65%;\n    }\n    .none-badge {\n        background-color: #f5f5f5;\n        color: #757575;\n        padding: 8px 16px;\n        border-radius: 4px;\n        font-style: italic;\n        display: inline-block;\n        border: 1px solid #e0e0e0;\n    }\n    .material-badge {\n        background-color: #f5f5f5;\n        color: #424242;\n        padding: 8px 16px;\n        border-radius: 4px;\n        font-weight: 600;\n        display: inline-block;\n        border: 1px solid #e0e0e0;\n    }\n    .function-badge {\n        background-color: #e3f2fd;\n        color: #1565c0;\n        padding: 8px 16px;\n        border-radius: 4px;\n        font-weight: 600;\n        display: inline-block;\n        border: 1px solid #bbdefb;\n    }\n<\/style>\t\t\t\t\t\t\t\t<\/div>\n\t\t\t\t<\/div>\n\t\t\t\t\t<\/div>\n\t\t\t\t<\/div>\n\t\t\t\t<\/div>","protected":false},"excerpt":{"rendered":"<p>Detalles Producto qu\u00edmico de alta preocupaci\u00f3n Ninguno Material de la carcasa pl\u00e1stico Funci\u00f3n Expulsi\u00f3n autom\u00e1tica de la pulpa<\/p>","protected":false},"featured_media":13521,"comment_status":"open","ping_status":"closed","template":"","meta":{"_acf_changed":false},"etheme_brands":[],"product_brand":[],"product_cat":[118],"product_tag":[],"class_list":{"0":"post-13518","1":"product","2":"type-product","3":"status-publish","4":"has-post-thumbnail","6":"product_cat-sale-shop","8":"first","9":"instock","10":"sale","11":"shipping-taxable","12":"purchasable","13":"product-type-variable","14":"has-default-attributes","15":"wvs-archive-product-wrapper"},"acf":[],"_links":{"self":[{"href":"https:\/\/uniqueexperiencess.shop\/es\/wp-json\/wp\/v2\/product\/13518","targetHints":{"allow":["GET"]}}],"collection":[{"href":"https:\/\/uniqueexperiencess.shop\/es\/wp-json\/wp\/v2\/product"}],"about":[{"href":"https:\/\/uniqueexperiencess.shop\/es\/wp-json\/wp\/v2\/types\/product"}],"replies":[{"embeddable":true,"href":"https:\/\/uniqueexperiencess.shop\/es\/wp-json\/wp\/v2\/comments?post=13518"}],"version-history":[{"count":4,"href":"https:\/\/uniqueexperiencess.shop\/es\/wp-json\/wp\/v2\/product\/13518\/revisions"}],"predecessor-version":[{"id":13547,"href":"https:\/\/uniqueexperiencess.shop\/es\/wp-json\/wp\/v2\/product\/13518\/revisions\/13547"}],"wp:featuredmedia":[{"embeddable":true,"href":"https:\/\/uniqueexperiencess.shop\/es\/wp-json\/wp\/v2\/media\/13521"}],"wp:attachment":[{"href":"https:\/\/uniqueexperiencess.shop\/es\/wp-json\/wp\/v2\/media?parent=13518"}],"wp:term":[{"taxonomy":"brand","embeddable":true,"href":"https:\/\/uniqueexperiencess.shop\/es\/wp-json\/wp\/v2\/etheme_brands?post=13518"},{"taxonomy":"product_brand","embeddable":true,"href":"https:\/\/uniqueexperiencess.shop\/es\/wp-json\/wp\/v2\/product_brand?post=13518"},{"taxonomy":"product_cat","embeddable":true,"href":"https:\/\/uniqueexperiencess.shop\/es\/wp-json\/wp\/v2\/product_cat?post=13518"},{"taxonomy":"product_tag","embeddable":true,"href":"https:\/\/uniqueexperiencess.shop\/es\/wp-json\/wp\/v2\/product_tag?post=13518"}],"curies":[{"name":"wp","href":"https:\/\/api.w.org\/{rel}","templated":true}]}}